{"id":12,"date":"2022-09-08T18:42:57","date_gmt":"2022-09-08T18:42:57","guid":{"rendered":"https:\/\/anacristinanogueiraborges.com\/?page_id=12"},"modified":"2022-12-16T11:03:25","modified_gmt":"2022-12-16T11:03:25","slug":"a-homepage-section","status":"publish","type":"page","link":"https:\/\/anacristinanogueiraborges.com\/index.php\/a-homepage-section\/","title":{"rendered":"Geriatria a Servi\u00e7o da Vida"},"content":{"rendered":"\n<p><a href=\"https:\/\/luizberto.com\/envelhecer-bastos-tigre\/\" target=\"_blank\" rel=\"noreferrer noopener\">ENVELHECER \u2013 Bastos Tigre<\/a><\/p>\n\n\n\n<p>Entra pela velhice com cuidado,<br>P\u00e9 ante p\u00e9, sem provocar rumores<br>Que despertem lembran\u00e7as do passado,<br>Sonhos de gl\u00f3ria, ilus\u00f5es de amores.<\/p>\n\n\n\n<p>Do que tiveres no pomar plantado,<br>Apanha os frutos e recolhe as flores<br>Mas lavra ainda e planta o teu eirado<br>Que outros vir\u00e3o colher quando te fores.<\/p>\n\n\n\n<p>N\u00e3o te seja a velhice enfermidade!<br>Alimenta no esp\u00edrito a sa\u00fade!<br>Luta contra as tibiezas da vontade!<\/p>\n\n\n\n<p>Que a neve caia! o teu ardor n\u00e3o mude!<br>Mant\u00e9m-te jovem, pouco importa a idade!<br>Tem cada idade a sua juventude.<\/p>\n","protected":false},"excerpt":{"rendered":"<p>ENVELHECER \u2013 Bastos Tigre Entra pela velhice com cuidado,P\u00e9 ante p\u00e9, sem provocar rumoresQue despertem lembran\u00e7as do passado,Sonhos de gl\u00f3ria, ilus\u00f5es de amores. Do que tiveres no pomar plantado,Apanha os frutos e recolhe as floresMas lavra ainda e planta o teu eiradoQue outros vir\u00e3o colher quando te fores. N\u00e3o te seja a velhice enfermidade!Alimenta no &hellip; <\/p>\n<p class=\"link-more\"><a href=\"https:\/\/anacristinanogueiraborges.com\/index.php\/a-homepage-section\/\" class=\"more-link\">Continue lendo<span class=\"screen-reader-text\"> &#8220;Geriatria a Servi\u00e7o da Vida&#8221;<\/span><\/a><\/p>\n","protected":false},"author":1,"featured_media":98,"parent":0,"menu_order":0,"comment_status":"closed","ping_status":"closed","template":"","meta":{"_monsterinsights_skip_tracking":false,"_monsterinsights_sitenote_active":false,"_monsterinsights_sitenote_note":"","_monsterinsights_sitenote_category":0,"footnotes":""},"class_list":["post-12","page","type-page","status-publish","has-post-thumbnail","hentry"],"aioseo_notices":[],"_links":{"self":[{"href":"https:\/\/anacristinanogueiraborges.com\/index.php\/wp-json\/wp\/v2\/pages\/12","targetHints":{"allow":["GET"]}}],"collection":[{"href":"https:\/\/anacristinanogueiraborges.com\/index.php\/wp-json\/wp\/v2\/pages"}],"about":[{"href":"https:\/\/anacristinanogueiraborges.com\/index.php\/wp-json\/wp\/v2\/types\/page"}],"author":[{"embeddable":true,"href":"https:\/\/anacristinanogueiraborges.com\/index.php\/wp-json\/wp\/v2\/users\/1"}],"replies":[{"embeddable":true,"href":"https:\/\/anacristinanogueiraborges.com\/index.php\/wp-json\/wp\/v2\/comments?post=12"}],"version-history":[{"count":3,"href":"https:\/\/anacristinanogueiraborges.com\/index.php\/wp-json\/wp\/v2\/pages\/12\/revisions"}],"predecessor-version":[{"id":140,"href":"https:\/\/anacristinanogueiraborges.com\/index.php\/wp-json\/wp\/v2\/pages\/12\/revisions\/140"}],"wp:featuredmedia":[{"embeddable":true,"href":"https:\/\/anacristinanogueiraborges.com\/index.php\/wp-json\/wp\/v2\/media\/98"}],"wp:attachment":[{"href":"https:\/\/anacristinanogueiraborges.com\/index.php\/wp-json\/wp\/v2\/media?parent=12"}],"curies":[{"name":"wp","href":"https:\/\/api.w.org\/{rel}","templated":true}]}}