{"id":50,"date":"2022-09-08T19:58:35","date_gmt":"2022-09-08T19:58:35","guid":{"rendered":"https:\/\/anacristinanogueiraborges.com\/?page_id=50"},"modified":"2022-11-22T11:07:39","modified_gmt":"2022-11-22T11:07:39","slug":"videos-2","status":"publish","type":"page","link":"https:\/\/anacristinanogueiraborges.com\/index.php\/videos-2\/","title":{"rendered":"V\u00eddeos"},"content":{"rendered":"\n<p>Faltam Geriatras &#8211; Rede Minas<\/p>\n\n\n\n<figure class=\"wp-block-embed is-type-video is-provider-youtube wp-block-embed-youtube wp-embed-aspect-4-3 wp-has-aspect-ratio\"><div class=\"wp-block-embed__wrapper\">\n<iframe title=\"Faltam Geriatras - Rede Minas - 02 - Cursos e P\u00f3s-Gradua\u00e7\u00e3o em Geriatria \/ Gerontologia\" width=\"525\" height=\"394\" src=\"https:\/\/www.youtube.com\/embed\/giCo6kPhTw4?feature=oembed\" frameborder=\"0\" allow=\"accelerometer; autoplay; clipboard-write; encrypted-media; gyroscope; picture-in-picture; web-share\" referrerpolicy=\"strict-origin-when-cross-origin\" allowfullscreen><\/iframe>\n<\/div><\/figure>\n\n\n\n<figure class=\"wp-block-embed is-type-video is-provider-youtube wp-block-embed-youtube wp-embed-aspect-4-3 wp-has-aspect-ratio\"><div class=\"wp-block-embed__wrapper\">\n<iframe title=\"Faltam Geriatras - Rede Minas - 01 - Cursos e P\u00f3s-Gradua\u00e7\u00e3o em Geriatria \/ Gerontologia\" width=\"525\" height=\"394\" src=\"https:\/\/www.youtube.com\/embed\/ZhFAUVgYx28?feature=oembed\" frameborder=\"0\" allow=\"accelerometer; autoplay; clipboard-write; encrypted-media; gyroscope; picture-in-picture; web-share\" referrerpolicy=\"strict-origin-when-cross-origin\" allowfullscreen><\/iframe>\n<\/div><\/figure>\n\n\n\n<p>Terceira Idade &#8211; Cuidados de Sa\u00fade na Terceira Idade<\/p>\n\n\n\n<figure class=\"wp-block-embed is-type-video is-provider-youtube wp-block-embed-youtube wp-embed-aspect-16-9 wp-has-aspect-ratio\"><div class=\"wp-block-embed__wrapper\">\n<iframe title=\"TERCEIRA IDADE - CUIDADOS DE SA\u00daDE NA TERCEIRA IDADE - Cursos P\u00f3s-Gradua\u00e7\u00e3o Geriatria \/ Gerontologia\" width=\"525\" height=\"295\" src=\"https:\/\/www.youtube.com\/embed\/49-1CXcf7n4?feature=oembed\" frameborder=\"0\" allow=\"accelerometer; autoplay; clipboard-write; encrypted-media; gyroscope; picture-in-picture; web-share\" referrerpolicy=\"strict-origin-when-cross-origin\" allowfullscreen><\/iframe>\n<\/div><\/figure>\n\n\n\n<p>Assista \u00e0 Parte 2 da aula Depress\u00e3o em idosos, no Canal Ana Cristina Nogueira Borges &#8211; YouTube<\/p>\n\n\n\n<figure class=\"wp-block-embed is-type-video is-provider-youtube wp-block-embed-youtube wp-embed-aspect-16-9 wp-has-aspect-ratio\"><div class=\"wp-block-embed__wrapper\">\n<iframe title=\"Depress\u00e3o em idosos Parte 2\" width=\"525\" height=\"295\" src=\"https:\/\/www.youtube.com\/embed\/7sNfAI8K8z4?feature=oembed\" frameborder=\"0\" allow=\"accelerometer; autoplay; clipboard-write; encrypted-media; gyroscope; picture-in-picture; web-share\" referrerpolicy=\"strict-origin-when-cross-origin\" allowfullscreen><\/iframe>\n<\/div><\/figure>\n\n\n\n<hr class=\"wp-block-separator has-alpha-channel-opacity\"\/>\n\n\n\n<p>Assista \u00e0 aula de revis\u00e3o sobre Depress\u00e3o em idosos: canal YouTube Ana Cristina Nogueira Borges.<\/p>\n\n\n\n<figure class=\"wp-block-embed is-type-video is-provider-youtube wp-block-embed-youtube wp-embed-aspect-16-9 wp-has-aspect-ratio\"><div class=\"wp-block-embed__wrapper\">\n<iframe title=\"Depress\u00e3o em Idosos\" width=\"525\" height=\"295\" src=\"https:\/\/www.youtube.com\/embed\/9JSTjsNDTaQ?feature=oembed\" frameborder=\"0\" allow=\"accelerometer; autoplay; clipboard-write; encrypted-media; gyroscope; picture-in-picture; web-share\" referrerpolicy=\"strict-origin-when-cross-origin\" allowfullscreen><\/iframe>\n<\/div><\/figure>\n\n\n\n<hr class=\"wp-block-separator has-alpha-channel-opacity\"\/>\n\n\n\n<p>Assista \u00e0 aula de revis\u00e3o sobre Delirium no idoso<\/p>\n\n\n\n<figure class=\"wp-block-embed is-type-video is-provider-youtube wp-block-embed-youtube wp-embed-aspect-16-9 wp-has-aspect-ratio\"><div class=\"wp-block-embed__wrapper\">\n<iframe title=\"Delirium\" width=\"525\" height=\"295\" src=\"https:\/\/www.youtube.com\/embed\/5iAxeV7l1uM?feature=oembed\" frameborder=\"0\" allow=\"accelerometer; autoplay; clipboard-write; encrypted-media; gyroscope; picture-in-picture; web-share\" referrerpolicy=\"strict-origin-when-cross-origin\" allowfullscreen><\/iframe>\n<\/div><\/figure>\n\n\n\n<hr class=\"wp-block-separator has-alpha-channel-opacity\"\/>\n\n\n\n<p>Assista \u00e0 aula de revis\u00e3o:<br>Fisiologia do envelhecimento: Parte 2<\/p>\n\n\n\n<figure class=\"wp-block-embed is-type-video is-provider-youtube wp-block-embed-youtube wp-embed-aspect-16-9 wp-has-aspect-ratio\"><div class=\"wp-block-embed__wrapper\">\n<iframe title=\"Fisiologia do Envelhecimento   parte 2\" width=\"525\" height=\"295\" src=\"https:\/\/www.youtube.com\/embed\/k3ZV5-FlJ9w?feature=oembed\" frameborder=\"0\" allow=\"accelerometer; autoplay; clipboard-write; encrypted-media; gyroscope; picture-in-picture; web-share\" referrerpolicy=\"strict-origin-when-cross-origin\" allowfullscreen><\/iframe>\n<\/div><\/figure>\n\n\n\n<hr class=\"wp-block-separator has-alpha-channel-opacity\"\/>\n\n\n\n<p>Assista \u00e0 aula gratuita:<br>Fisiologia do envelhecimento<\/p>\n\n\n\n<figure class=\"wp-block-embed is-type-video is-provider-youtube wp-block-embed-youtube wp-embed-aspect-16-9 wp-has-aspect-ratio\"><div class=\"wp-block-embed__wrapper\">\n<iframe title=\"Aula 1: Fisiologia do Envelhecimento   parte 1\" width=\"525\" height=\"295\" src=\"https:\/\/www.youtube.com\/embed\/XBldehs2RbM?feature=oembed\" frameborder=\"0\" allow=\"accelerometer; autoplay; clipboard-write; encrypted-media; gyroscope; picture-in-picture; web-share\" referrerpolicy=\"strict-origin-when-cross-origin\" allowfullscreen><\/iframe>\n<\/div><\/figure>\n\n\n\n<hr class=\"wp-block-separator has-alpha-channel-opacity\"\/>\n","protected":false},"excerpt":{"rendered":"<p>Faltam Geriatras &#8211; Rede Minas Terceira Idade &#8211; Cuidados de Sa\u00fade na Terceira Idade Assista \u00e0 Parte 2 da aula Depress\u00e3o em idosos, no Canal Ana Cristina Nogueira Borges &#8211; YouTube Assista \u00e0 aula de revis\u00e3o sobre Depress\u00e3o em idosos: canal YouTube Ana Cristina Nogueira Borges. Assista \u00e0 aula de revis\u00e3o sobre Delirium no idoso &hellip; <\/p>\n<p class=\"link-more\"><a href=\"https:\/\/anacristinanogueiraborges.com\/index.php\/videos-2\/\" class=\"more-link\">Continue lendo<span class=\"screen-reader-text\"> &#8220;V\u00eddeos&#8221;<\/span><\/a><\/p>\n","protected":false},"author":1,"featured_media":0,"parent":0,"menu_order":0,"comment_status":"closed","ping_status":"closed","template":"","meta":{"_monsterinsights_skip_tracking":false,"_monsterinsights_sitenote_active":false,"_monsterinsights_sitenote_note":"","_monsterinsights_sitenote_category":0,"footnotes":""},"class_list":["post-50","page","type-page","status-publish","hentry"],"aioseo_notices":[],"_links":{"self":[{"href":"https:\/\/anacristinanogueiraborges.com\/index.php\/wp-json\/wp\/v2\/pages\/50","targetHints":{"allow":["GET"]}}],"collection":[{"href":"https:\/\/anacristinanogueiraborges.com\/index.php\/wp-json\/wp\/v2\/pages"}],"about":[{"href":"https:\/\/anacristinanogueiraborges.com\/index.php\/wp-json\/wp\/v2\/types\/page"}],"author":[{"embeddable":true,"href":"https:\/\/anacristinanogueiraborges.com\/index.php\/wp-json\/wp\/v2\/users\/1"}],"replies":[{"embeddable":true,"href":"https:\/\/anacristinanogueiraborges.com\/index.php\/wp-json\/wp\/v2\/comments?post=50"}],"version-history":[{"count":9,"href":"https:\/\/anacristinanogueiraborges.com\/index.php\/wp-json\/wp\/v2\/pages\/50\/revisions"}],"predecessor-version":[{"id":127,"href":"https:\/\/anacristinanogueiraborges.com\/index.php\/wp-json\/wp\/v2\/pages\/50\/revisions\/127"}],"wp:attachment":[{"href":"https:\/\/anacristinanogueiraborges.com\/index.php\/wp-json\/wp\/v2\/media?parent=50"}],"curies":[{"name":"wp","href":"https:\/\/api.w.org\/{rel}","templated":true}]}}